{"id":366,"date":"2018-05-10T18:16:37","date_gmt":"2018-05-10T18:16:37","guid":{"rendered":"http:\/\/solonick.webredox.net\/fullscreen-image-copy\/"},"modified":"2020-02-05T12:32:24","modified_gmt":"2020-02-05T11:32:24","slug":"revolution-slider","status":"publish","type":"page","link":"https:\/\/www.profuturus.eu\/en\/","title":{"rendered":"Homepage"},"content":{"rendered":"[vc_row scroll_id=&#8221;podjetje&#8221; opt_line_sec=&#8221;st2&#8243; opt_parallax_block_sec=&#8221;st2&#8243; opt_title_sec=&#8221;st2&#8243; solonick_title=&#8221;`{`span`}`\/\/`{`\/span`}`Company&#8221;][vc_column width=&#8221;5\/12&#8243;]<div class=\"collage-image fl-wrap\"><div class=\"collage-image-title\" data-scrollax=\"properties: { translateY: '150px' }\">ProFUTURUS d.o.o.<\/div><img src=\"https:\/\/www.profuturus.eu\/en\/wp-content\/uploads\/2019\/12\/opodjetju.jpg\" class=\"respimg\" alt=\"ProFUTURUS d.o.o.\"><\/div>[\/vc_column][vc_column width=&#8221;7\/12&#8243; css=&#8221;.vc_custom_1575236739553{padding-bottom: 40px !important;}&#8221;][wr_vc_textblock small_title=&#8221;About us&#8221; big_title=&#8221;We develop`{`span`}` project ideas!`{`\/span`}`&#8221;]We prepare project and investment documentation according to the needs of the client. We manage approved projects and run partnership meetings. We teach the principles of European cohesion policy. This is our passion and that\u2019s where we are the best.[\/wr_vc_textblock][vc_empty_space][vc_row_inner el_class=&#8221;o-podjetju&#8221;][vc_column_inner width=&#8221;1\/2&#8243;]<div class=\"main-about  \"><div class=\"features-box-container class-feature-1 fl-wrap\"><div class=\"row features-box\"><div class=\"time-line-icon\">\n                  <i class=\"fal fa-lightbulb-on\"><\/i>\n                  <\/div><h3>KNOWLEDGE IS POWER<\/h3><p>We connect interdisciplinary knowledge and creative thinking. We bring innovation to traditional models.   <\/p><\/div><\/div><\/div><div class=\"main-about  \"><div class=\"features-box-container class-feature-1 fl-wrap\"><div class=\"row features-box\"><div class=\"time-line-icon\">\n                  <i class=\"fal fa-rocket\"><\/i>\n                  <\/div><h3>WE MOVE BOUNDARIES<\/h3><p>With full responsibility, we reach for the highest achievements. We work with the best.   <\/p><\/div><\/div><\/div>[\/vc_column_inner][vc_column_inner width=&#8221;1\/2&#8243;]<div class=\"main-about  \"><div class=\"features-box-container class-feature-1 fl-wrap\"><div class=\"row features-box\"><div class=\"time-line-icon\">\n                  <i class=\"fal fa-poll\"><\/i>\n                  <\/div><h3>ACTIONS, NOT WORDS<\/h3><p>We are goal oriented. We co-create stories of the future.   <\/p><\/div><\/div><\/div><div class=\"main-about\"><a href=\"https:\/\/www.profuturus.eu\/en\/company\" class=\"btn float-btn flat-btn color-btn\" target=\"_self\">more...<\/a><\/div>[\/vc_column_inner][\/vc_row_inner][\/vc_column][\/vc_row][vc_row row_type=&#8221;sec3&#8243; scroll_id=&#8221;storitve&#8221; sec_background_image=&#8221;800&#8243; solonick_sec_title=&#8221;SERVICES&#8221; solonick_sec_big_title=&#8221;GET TO KNOW `{`br`}&#8220;{`span`}` OUR WORK!`{`\/span`}`&#8221; solonick_sec_dectiption=&#8221;We are a quality provider of consultancy and training services in five areas of activity. This is achieved through professional work and by constantly improving the knowledge and skills of our colleagues.&#8221;][vc_column width=&#8221;1\/5&#8243;][vc_single_image image=&#8221;625&#8243; img_size=&#8221;111&#215;134&#8243; alignment=&#8221;center&#8221; onclick=&#8221;custom_link&#8221; link=&#8221;https:\/\/www.profuturus.eu\/en\/services\/european-funds\/&#8221;][vc_raw_html]JTNDZGl2JTIwY2xhc3MlM0QlMjJpbmxpbmUtZmFjdHMtd3JhcCUyMiUzRSUwQSUwQSUzQ2g2JTNFJTNDYSUyMGhyZWYlM0QlMjJodHRwcyUzQSUyRiUyRnd3dy5wcm9mdXR1cnVzLmV1JTJGZW4lMkZzZXJ2aWNlcyUyRmV1cm9wZWFuLWZ1bmRzJTJGJTIyJTNFRXVyb3BlYW4lMjBmdW5kcyUzQyUyRmElM0UlM0MlMkZoNiUzRSUwQSUzQyUyRmRpdiUzRQ==[\/vc_raw_html][\/vc_column][vc_column width=&#8221;1\/5&#8243;][vc_single_image image=&#8221;616&#8243; img_size=&#8221;111&#215;134&#8243; alignment=&#8221;center&#8221; onclick=&#8221;custom_link&#8221; link=&#8221;https:\/\/www.profuturus.eu\/en\/services\/investment-documentation\/&#8221;][vc_raw_html]JTNDZGl2JTIwY2xhc3MlM0QlMjJpbmxpbmUtZmFjdHMtd3JhcCUyMiUzRSUwQSUwQSUzQ2g2JTNFJTNDYSUyMGhyZWYlM0QlMjJodHRwcyUzQSUyRiUyRnd3dy5wcm9mdXR1cnVzLmV1JTJGZW4lMkZzZXJ2aWNlcyUyRmludmVzdG1lbnQtZG9jdW1lbnRhdGlvbiUyRiUyMiUzRUludmVzdG1lbnQlMjBkb2N1bWVudGF0aW9uJTNDJTJGYSUzRSUzQyUyRmg2JTNFJTBBJTNDJTJGZGl2JTNF[\/vc_raw_html][\/vc_column][vc_column width=&#8221;1\/5&#8243;][vc_single_image image=&#8221;619&#8243; img_size=&#8221;111&#215;134&#8243; alignment=&#8221;center&#8221; onclick=&#8221;custom_link&#8221; link=&#8221;https:\/\/www.profuturus.eu\/en\/services\/entrepreneurship-and-business-consultancy\/&#8221;][vc_raw_html]JTNDZGl2JTIwY2xhc3MlM0QlMjJpbmxpbmUtZmFjdHMtd3JhcCUyMiUzRSUwQSUwQSUzQ2g2JTNFJTNDYSUyMGhyZWYlM0QlMjJodHRwcyUzQSUyRiUyRnd3dy5wcm9mdXR1cnVzLmV1JTJGZW4lMkZzZXJ2aWNlcyUyRmVudHJlcHJlbmV1cnNoaXAtYW5kLWJ1c2luZXNzLWNvbnN1bHRhbmN5JTJGJTIyJTNFRW50cmVwcmVuZXVyc2hpcCUyMGFuZCUyMGJ1c2luZXNzJTIwY29uc3VsdGFuY3klM0MlMkZhJTNFJTNDJTJGaDYlM0UlMEElM0MlMkZkaXYlM0U=[\/vc_raw_html][\/vc_column][vc_column width=&#8221;1\/5&#8243;][vc_single_image image=&#8221;621&#8243; img_size=&#8221;115&#215;134&#8243; alignment=&#8221;center&#8221; onclick=&#8221;custom_link&#8221; link=&#8221;https:\/\/www.profuturus.eu\/en\/services\/technical-development-area\/&#8221;][vc_raw_html]JTNDZGl2JTIwY2xhc3MlM0QlMjJpbmxpbmUtZmFjdHMtd3JhcCUyMiUzRSUwQSUwQSUzQ2g2JTNFJTNDYSUyMGhyZWYlM0QlMjJodHRwcyUzQSUyRiUyRnd3dy5wcm9mdXR1cnVzLmV1JTJGZW4lMkZzZXJ2aWNlcyUyRnRlY2huaWNhbC1kZXZlbG9wbWVudC1hcmVhJTJGJTIyJTNFUmVzZWFyY2glMjBhbmQlMjBkZXZlbG9wbWVudCUzQyUyRmElM0UlM0MlMkZoNiUzRSUwQSUzQyUyRmRpdiUzRQ==[\/vc_raw_html][\/vc_column][vc_column width=&#8221;1\/5&#8243;][vc_single_image image=&#8221;623&#8243; img_size=&#8221;120&#215;134&#8243; alignment=&#8221;center&#8221; onclick=&#8221;custom_link&#8221; link=&#8221;https:\/\/www.profuturus.eu\/en\/services\/training-and-supervision-in-social-work\/&#8221;][vc_raw_html]JTNDZGl2JTIwY2xhc3MlM0QlMjJpbmxpbmUtZmFjdHMtd3JhcCUyMiUzRSUwQSUwQSUzQ2g2JTNFJTNDYSUyMGhyZWYlM0QlMjJodHRwcyUzQSUyRiUyRnd3dy5wcm9mdXR1cnVzLmV1JTJGZW4lMkZzZXJ2aWNlcyUyRnRyYWluaW5nLWFuZC1zdXBlcnZpc2lvbi1pbi1zb2NpYWwtd29yayUyRiUyMiUzRVRyYWluaW5nJTIwYW5kJTIwc3VwZXJ2aXNpb24lMjBpbiUyMHNvY2lhbCUyMHdvcmslM0MlMkZhJTNFJTNDJTJGaDYlM0UlMEElM0MlMkZkaXYlM0U=[\/vc_raw_html][\/vc_column][\/vc_row][vc_row scroll_id=&#8221;about&#8221; opt_line_sec=&#8221;st2&#8243; solonick_title=&#8221;Uspe\u0161nost `{`span`}`\/\/`{`\/span`}`&#8221; solonick_small_title=&#8221;We see further&#8221; solonick_big_title=&#8221;PERFORMANCE IS BASED ON`{`br`}&#8220;{`span`}`MOTIVATED EMPLOYEES AND TEAM SPIRIT`{`\/span`}`&#8221; solonick_dectiption=&#8221;\u201cWe listen and we hear. We understand the clients, their needs and the way they work. We assist with our own creative ideas. Each one of us contributes uniquely towards success.\u201d&#8221;][vc_column]<div class=\"main-about\"><a href=\"https:\/\/www.profuturus.eu\/en\/our-team\" class=\"btn float-btn flat-btn color-btn\" target=\"_self\">more...<\/a><\/div>[\/vc_column][\/vc_row][vc_row row_type=&#8221;sec2&#8243; enablerow=&#8221;st2&#8243; scroll_id=&#8221;skladi&#8221; opt_effect_sec=&#8221;st3&#8243; css=&#8221;.vc_custom_1576666235156{background-color: #131a2e !important;}&#8221;][vc_column width=&#8221;1\/3&#8243;][vc_column_text]Podjetje ProFUTURUS d.o.o. je leta 2019 prejelo subvencijo po javnem pozivu &#8220;Vav\u010der za digitalni marketing (spletna stran)&#8221;, katerega razpisuje Slovenski podjetni\u0161ki sklad. Nalo\u017ebo sofinancirata Republika Slovenija in Evropska unija iz Evropskega sklada za regionalni razvoj.[\/vc_column_text][\/vc_column][vc_column width=&#8221;1\/4&#8243;][vc_single_image image=&#8221;844&#8243; img_size=&#8221;full&#8221; alignment=&#8221;right&#8221; onclick=&#8221;custom_link&#8221; img_link_target=&#8221;_blank&#8221; link=&#8221;https:\/\/www.gov.si\/drzavni-organi\/ministrstva\/ministrstvo-za-gospodarski-razvoj-in-tehnologijo\/&#8221;][\/vc_column][vc_column width=&#8221;1\/5&#8243;][vc_single_image image=&#8221;845&#8243; img_size=&#8221;full&#8221; alignment=&#8221;right&#8221; onclick=&#8221;custom_link&#8221; img_link_target=&#8221;_blank&#8221; link=&#8221;https:\/\/ec.europa.eu\/regional_policy\/SL\/funding\/erdf\/&#8221;][\/vc_column][vc_column width=&#8221;1\/5&#8243;][vc_single_image image=&#8221;846&#8243; img_size=&#8221;full&#8221; alignment=&#8221;right&#8221; onclick=&#8221;custom_link&#8221; img_link_target=&#8221;_blank&#8221; link=&#8221;https:\/\/podjetniskisklad.si\/sl\/&#8221;][\/vc_column][\/vc_row]\n","protected":false},"excerpt":{"rendered":"<p>[vc_row scroll_id=&#8221;podjetje&#8221; opt_line_sec=&#8221;st2&#8243; opt_parallax_block_sec=&#8221;st2&#8243; opt_title_sec=&#8221;st2&#8243; solonick_title=&#8221;`{`span`}`\/\/`{`\/span`}`Company&#8221;][vc_column width=&#8221;5\/12&#8243;][\/vc_column][vc_column width=&#8221;7\/12&#8243; css=&#8221;.vc_custom_1575236739553{padding-bottom: 40px !important;}&#8221;][wr_vc_textblock small_title=&#8221;About us&#8221; big_title=&#8221;We develop`{`span`}` project ideas!`{`\/span`}`&#8221;]We prepare project and investment documentation according to the needs of the client. We manage approved projects and run partnership meetings. We teach the principles of European cohesion policy. This is our passion and that\u2019s where we are the..<\/p>\n","protected":false},"author":1,"featured_media":0,"parent":0,"menu_order":0,"comment_status":"closed","ping_status":"closed","template":"one-page.php","meta":[],"yoast_head":"<!-- This site is optimized with the Yoast SEO plugin v18.2 - https:\/\/yoast.com\/wordpress\/plugins\/seo\/ -->\n<title>Homepage - ProFUTURUS<\/title>\n<meta name=\"description\" content=\"We prepare project and investment documentation according to the needs of the client. We manage approved projects and run partnership meetings. We teach the principles of European cohesion policy. This is our passion and that\u2019s where we are the best.\" \/>\n<meta name=\"robots\" content=\"index, follow, max-snippet:-1, max-image-preview:large, max-video-preview:-1\" \/>\n<link rel=\"canonical\" href=\"https:\/\/www.profuturus.eu\/en\/\" \/>\n<meta property=\"og:locale\" content=\"en_US\" \/>\n<meta property=\"og:type\" content=\"article\" \/>\n<meta property=\"og:title\" content=\"Homepage - ProFUTURUS\" \/>\n<meta property=\"og:description\" content=\"We prepare project and investment documentation according to the needs of the client. We manage approved projects and run partnership meetings. We teach the principles of European cohesion policy. This is our passion and that\u2019s where we are the best.\" \/>\n<meta property=\"og:url\" content=\"https:\/\/www.profuturus.eu\/en\/\" \/>\n<meta property=\"og:site_name\" content=\"ProFUTURUS\" \/>\n<meta property=\"article:modified_time\" content=\"2020-02-05T11:32:24+00:00\" \/>\n<meta name=\"twitter:card\" content=\"summary_large_image\" \/>\n<meta name=\"twitter:label1\" content=\"Est. reading time\" \/>\n\t<meta name=\"twitter:data1\" content=\"4 minutes\" \/>\n<script type=\"application\/ld+json\" class=\"yoast-schema-graph\">{\"@context\":\"https:\/\/schema.org\",\"@graph\":[{\"@type\":\"WebSite\",\"@id\":\"https:\/\/www.profuturus.eu\/en\/#website\",\"url\":\"https:\/\/www.profuturus.eu\/en\/\",\"name\":\"ProFUTURUS\",\"description\":\"Research, consultancy, services and analyses for development\",\"potentialAction\":[{\"@type\":\"SearchAction\",\"target\":{\"@type\":\"EntryPoint\",\"urlTemplate\":\"https:\/\/www.profuturus.eu\/en\/?s={search_term_string}\"},\"query-input\":\"required name=search_term_string\"}],\"inLanguage\":\"en-US\"},{\"@type\":\"WebPage\",\"@id\":\"https:\/\/www.profuturus.eu\/en\/#webpage\",\"url\":\"https:\/\/www.profuturus.eu\/en\/\",\"name\":\"Homepage - ProFUTURUS\",\"isPartOf\":{\"@id\":\"https:\/\/www.profuturus.eu\/en\/#website\"},\"datePublished\":\"2018-05-10T18:16:37+00:00\",\"dateModified\":\"2020-02-05T11:32:24+00:00\",\"description\":\"We prepare project and investment documentation according to the needs of the client. We manage approved projects and run partnership meetings. We teach the principles of European cohesion policy. This is our passion and that\u2019s where we are the best.\",\"breadcrumb\":{\"@id\":\"https:\/\/www.profuturus.eu\/en\/#breadcrumb\"},\"inLanguage\":\"en-US\",\"potentialAction\":[{\"@type\":\"ReadAction\",\"target\":[\"https:\/\/www.profuturus.eu\/en\/\"]}]},{\"@type\":\"BreadcrumbList\",\"@id\":\"https:\/\/www.profuturus.eu\/en\/#breadcrumb\",\"itemListElement\":[{\"@type\":\"ListItem\",\"position\":1,\"name\":\"Home\",\"item\":\"https:\/\/www.profuturus.eu\/en\/\"},{\"@type\":\"ListItem\",\"position\":2,\"name\":\"Homepage\"}]}]}<\/script>\n<!-- \/ Yoast SEO plugin. -->","yoast_head_json":{"title":"Homepage - ProFUTURUS","description":"We prepare project and investment documentation according to the needs of the client. We manage approved projects and run partnership meetings. We teach the principles of European cohesion policy. This is our passion and that\u2019s where we are the best.","robots":{"index":"index","follow":"follow","max-snippet":"max-snippet:-1","max-image-preview":"max-image-preview:large","max-video-preview":"max-video-preview:-1"},"canonical":"https:\/\/www.profuturus.eu\/en\/","og_locale":"en_US","og_type":"article","og_title":"Homepage - ProFUTURUS","og_description":"We prepare project and investment documentation according to the needs of the client. We manage approved projects and run partnership meetings. We teach the principles of European cohesion policy. This is our passion and that\u2019s where we are the best.","og_url":"https:\/\/www.profuturus.eu\/en\/","og_site_name":"ProFUTURUS","article_modified_time":"2020-02-05T11:32:24+00:00","twitter_card":"summary_large_image","twitter_misc":{"Est. reading time":"4 minutes"},"schema":{"@context":"https:\/\/schema.org","@graph":[{"@type":"WebSite","@id":"https:\/\/www.profuturus.eu\/en\/#website","url":"https:\/\/www.profuturus.eu\/en\/","name":"ProFUTURUS","description":"Research, consultancy, services and analyses for development","potentialAction":[{"@type":"SearchAction","target":{"@type":"EntryPoint","urlTemplate":"https:\/\/www.profuturus.eu\/en\/?s={search_term_string}"},"query-input":"required name=search_term_string"}],"inLanguage":"en-US"},{"@type":"WebPage","@id":"https:\/\/www.profuturus.eu\/en\/#webpage","url":"https:\/\/www.profuturus.eu\/en\/","name":"Homepage - ProFUTURUS","isPartOf":{"@id":"https:\/\/www.profuturus.eu\/en\/#website"},"datePublished":"2018-05-10T18:16:37+00:00","dateModified":"2020-02-05T11:32:24+00:00","description":"We prepare project and investment documentation according to the needs of the client. We manage approved projects and run partnership meetings. We teach the principles of European cohesion policy. This is our passion and that\u2019s where we are the best.","breadcrumb":{"@id":"https:\/\/www.profuturus.eu\/en\/#breadcrumb"},"inLanguage":"en-US","potentialAction":[{"@type":"ReadAction","target":["https:\/\/www.profuturus.eu\/en\/"]}]},{"@type":"BreadcrumbList","@id":"https:\/\/www.profuturus.eu\/en\/#breadcrumb","itemListElement":[{"@type":"ListItem","position":1,"name":"Home","item":"https:\/\/www.profuturus.eu\/en\/"},{"@type":"ListItem","position":2,"name":"Homepage"}]}]}},"_links":{"self":[{"href":"https:\/\/www.profuturus.eu\/en\/wp-json\/wp\/v2\/pages\/366"}],"collection":[{"href":"https:\/\/www.profuturus.eu\/en\/wp-json\/wp\/v2\/pages"}],"about":[{"href":"https:\/\/www.profuturus.eu\/en\/wp-json\/wp\/v2\/types\/page"}],"author":[{"embeddable":true,"href":"https:\/\/www.profuturus.eu\/en\/wp-json\/wp\/v2\/users\/1"}],"replies":[{"embeddable":true,"href":"https:\/\/www.profuturus.eu\/en\/wp-json\/wp\/v2\/comments?post=366"}],"version-history":[{"count":157,"href":"https:\/\/www.profuturus.eu\/en\/wp-json\/wp\/v2\/pages\/366\/revisions"}],"predecessor-version":[{"id":930,"href":"https:\/\/www.profuturus.eu\/en\/wp-json\/wp\/v2\/pages\/366\/revisions\/930"}],"wp:attachment":[{"href":"https:\/\/www.profuturus.eu\/en\/wp-json\/wp\/v2\/media?parent=366"}],"curies":[{"name":"wp","href":"https:\/\/api.w.org\/{rel}","templated":true}]}}